{"id":20501,"date":"2022-08-29T13:45:20","date_gmt":"2022-08-29T11:45:20","guid":{"rendered":"https:\/\/gruene-wuppertal.de\/fraktion\/?page_id=20501"},"modified":"2025-03-10T17:39:50","modified_gmt":"2025-03-10T16:39:50","slug":"podcast-gruen-gesagt","status":"publish","type":"page","link":"https:\/\/gruene-wuppertal.de\/fraktion\/aktuell\/podcast-gruen-gesagt\/","title":{"rendered":"Podcast &#8222;Gr\u00fcn gesagt&#8220;"},"content":{"rendered":"<p>[vc_row][vc_column][vc_column_text css=&#8220;.vc_custom_1741624775045{background-color: #ffffff !important;}&#8220;]<\/p>\n<h4>Der Podcast &#8222;Gr\u00fcn gesagt&#8220; ist ein gemeinsames Projekt des Gr\u00fcnen Kreisverbandes Wuppertal und der Fraktion der Gr\u00fcnen im Wuppertaler Stadtrat. Lokale und \u00fcberregionale Themen werden hier unter der &#8222;Gr\u00fcnen Lampe&#8220; beleuchtet &#8211; immer mit dem Fokus auf eine \u00f6kologische und soziale Politik.<br \/>\nDen Podcast findet ihr unter folgendem Link auf allen Podcast-Plattformen: <a href=\"http:\/\/linktr.ee\/gruenewuppertal\" target=\"_blank\" rel=\"me nofollow noopener noreferrer\">linktr.ee\/gruenewuppertal<\/a><br \/>\nWer den klassischen Weg eines Webplayers nutzen m\u00f6chte, kann den Podcast auf dieser Seite h\u00f6ren: <a href=\"https:\/\/gruengesagt.podigee.io\/\">https:\/\/gruengesagt.podigee.io\/<\/a><\/h4>\n<p>[\/vc_column_text][\/vc_column][\/vc_row][vc_row][vc_column][vc_single_image image=&#8220;20503&#8243; img_size=&#8220;medium&#8220; alignment=&#8220;center&#8220; onclick=&#8220;img_link_large&#8220; img_link_target=&#8220;_blank&#8220;][\/vc_column][\/vc_row]<\/p>\n<div class=\"hupso-share-buttons\"><!-- Hupso Share Buttons - https:\/\/www.hupso.com\/share\/ --><a class=\"hupso_toolbar\" href=\"https:\/\/www.hupso.com\/share\/\"><img decoding=\"async\" src=\"https:\/\/static.hupso.com\/share\/buttons\/dot.png\" style=\"border:0px; padding-top: 5px; float:left;\" alt=\"Share Button\"\/><\/a><script type=\"text\/javascript\">var hupso_services_t=new Array(\"Twitter\",\"Facebook\",\"Pinterest\",\"Linkedin\",\"Email\");var hupso_background_t=\"#EAF4FF\";var hupso_border_t=\"#66CCFF\";var hupso_toolbar_size_t=\"medium\";var hupso_image_folder_url = \"\";var hupso_url_t=\"\";var hupso_title_t=\"Podcast%20%22Gr%C3%BCn%20gesagt%22\";<\/script><script type=\"text\/javascript\" src=\"https:\/\/static.hupso.com\/share\/js\/share_toolbar.js\"><\/script><!-- Hupso Share Buttons --><\/div>","protected":false},"excerpt":{"rendered":"<p>[vc_row][vc_column][vc_column_text css=&#8220;.vc_custom_1741624775045{background-color: #ffffff !important;}&#8220;] Der Podcast &#8222;Gr\u00fcn gesagt&#8220; ist ein gemeinsames Projekt des Gr\u00fcnen Kreisverbandes Wuppertal und der Fraktion der Gr\u00fcnen im Wuppertaler Stadtrat. Lokale und \u00fcberregionale Themen werden hier unter der &#8222;Gr\u00fcnen Lampe&#8220; beleuchtet &#8211; immer mit dem Fokus auf eine \u00f6kologische und soziale&#8230;<\/p>\n","protected":false},"author":88,"featured_media":20503,"parent":90,"menu_order":1,"comment_status":"closed","ping_status":"closed","template":"","meta":{"footnotes":"","_wp_rev_ctl_limit":""},"yoast_head":"<!-- This site is optimized with the Yoast SEO plugin v21.8 - https:\/\/yoast.com\/wordpress\/plugins\/seo\/ -->\n<title>Podcast &quot;Gr\u00fcn gesagt&quot; - Fraktion von B\u00fcndnis 90 \/ DIE GR\u00dcNEN im Rat der Stadt Wuppertal<\/title>\n<meta name=\"description\" content=\"Der Podcast &quot;Gr\u00fcn gesagt&quot; ist ein gemeinsames Projekt des Gr\u00fcnen Kreisverbandes Wuppertal und der Fraktion der Gr\u00fcnen im Wuppertaler Stadtrat. Lokale und \u00fcberregionale Themen werden hier unter der &quot;Gr\u00fcnen Lampe&quot; beleuchtet - immer mit dem Fokus auf eine \u00f6kologische und soziale Politik.\" \/>\n<meta name=\"robots\" content=\"index, follow, max-snippet:-1, max-image-preview:large, max-video-preview:-1\" \/>\n<link rel=\"canonical\" href=\"https:\/\/gruene-wuppertal.de\/fraktion\/aktuell\/podcast-gruen-gesagt\/\" \/>\n<meta property=\"og:locale\" content=\"de_DE\" \/>\n<meta property=\"og:type\" content=\"article\" \/>\n<meta property=\"og:title\" content=\"Podcast &quot;Gr\u00fcn gesagt&quot; - Fraktion von B\u00fcndnis 90 \/ DIE GR\u00dcNEN im Rat der Stadt Wuppertal\" \/>\n<meta property=\"og:description\" content=\"Der Podcast &quot;Gr\u00fcn gesagt&quot; ist ein gemeinsames Projekt des Gr\u00fcnen Kreisverbandes Wuppertal und der Fraktion der Gr\u00fcnen im Wuppertaler Stadtrat. Lokale und \u00fcberregionale Themen werden hier unter der &quot;Gr\u00fcnen Lampe&quot; beleuchtet - immer mit dem Fokus auf eine \u00f6kologische und soziale Politik.\" \/>\n<meta property=\"og:url\" content=\"https:\/\/gruene-wuppertal.de\/fraktion\/aktuell\/podcast-gruen-gesagt\/\" \/>\n<meta property=\"og:site_name\" content=\"Fraktion von B\u00fcndnis 90 \/ DIE GR\u00dcNEN im Rat der Stadt Wuppertal\" \/>\n<meta property=\"article:modified_time\" content=\"2025-03-10T16:39:50+00:00\" \/>\n<meta property=\"og:image\" content=\"https:\/\/gruene-wuppertal.de\/fraktion\/wp-content\/uploads\/2022\/07\/Podcast_Logo.png\" \/>\n\t<meta property=\"og:image:width\" content=\"1000\" \/>\n\t<meta property=\"og:image:height\" content=\"1000\" \/>\n\t<meta property=\"og:image:type\" content=\"image\/png\" \/>\n<meta name=\"twitter:card\" content=\"summary_large_image\" \/>\n<meta name=\"twitter:label1\" content=\"Gesch\u00e4tzte Lesezeit\" \/>\n\t<meta name=\"twitter:data1\" content=\"1 Minute\" \/>\n<script type=\"application\/ld+json\" class=\"yoast-schema-graph\">{\"@context\":\"https:\/\/schema.org\",\"@graph\":[{\"@type\":\"WebPage\",\"@id\":\"https:\/\/gruene-wuppertal.de\/fraktion\/aktuell\/podcast-gruen-gesagt\/\",\"url\":\"https:\/\/gruene-wuppertal.de\/fraktion\/aktuell\/podcast-gruen-gesagt\/\",\"name\":\"Podcast \\\"Gr\u00fcn gesagt\\\" - Fraktion von B\u00fcndnis 90 \/ DIE GR\u00dcNEN im Rat der Stadt Wuppertal\",\"isPartOf\":{\"@id\":\"https:\/\/gruene-wuppertal.de\/fraktion\/#website\"},\"datePublished\":\"2022-08-29T11:45:20+00:00\",\"dateModified\":\"2025-03-10T16:39:50+00:00\",\"description\":\"Der Podcast \\\"Gr\u00fcn gesagt\\\" ist ein gemeinsames Projekt des Gr\u00fcnen Kreisverbandes Wuppertal und der Fraktion der Gr\u00fcnen im Wuppertaler Stadtrat. Lokale und \u00fcberregionale Themen werden hier unter der \\\"Gr\u00fcnen Lampe\\\" beleuchtet - immer mit dem Fokus auf eine \u00f6kologische und soziale Politik.\",\"breadcrumb\":{\"@id\":\"https:\/\/gruene-wuppertal.de\/fraktion\/aktuell\/podcast-gruen-gesagt\/#breadcrumb\"},\"inLanguage\":\"de-DE\",\"potentialAction\":[{\"@type\":\"ReadAction\",\"target\":[\"https:\/\/gruene-wuppertal.de\/fraktion\/aktuell\/podcast-gruen-gesagt\/\"]}]},{\"@type\":\"BreadcrumbList\",\"@id\":\"https:\/\/gruene-wuppertal.de\/fraktion\/aktuell\/podcast-gruen-gesagt\/#breadcrumb\",\"itemListElement\":[{\"@type\":\"ListItem\",\"position\":1,\"name\":\"Startseite\",\"item\":\"https:\/\/gruene-wuppertal.de\/fraktion\/\"},{\"@type\":\"ListItem\",\"position\":2,\"name\":\"Aktuell\",\"item\":\"https:\/\/gruene-wuppertal.de\/fraktion\/aktuell\/\"},{\"@type\":\"ListItem\",\"position\":3,\"name\":\"Podcast &#8222;Gr\u00fcn gesagt&#8220;\"}]},{\"@type\":\"WebSite\",\"@id\":\"https:\/\/gruene-wuppertal.de\/fraktion\/#website\",\"url\":\"https:\/\/gruene-wuppertal.de\/fraktion\/\",\"name\":\"Fraktion von B\u00fcndnis 90 \/ DIE GR\u00dcNEN im Rat der Stadt Wuppertal\",\"description\":\"\",\"potentialAction\":[{\"@type\":\"SearchAction\",\"target\":{\"@type\":\"EntryPoint\",\"urlTemplate\":\"https:\/\/gruene-wuppertal.de\/fraktion\/?s={search_term_string}\"},\"query-input\":\"required name=search_term_string\"}],\"inLanguage\":\"de-DE\"}]}<\/script>\n<!-- \/ Yoast SEO plugin. -->","yoast_head_json":{"title":"Podcast \"Gr\u00fcn gesagt\" - Fraktion von B\u00fcndnis 90 \/ DIE GR\u00dcNEN im Rat der Stadt Wuppertal","description":"Der Podcast \"Gr\u00fcn gesagt\" ist ein gemeinsames Projekt des Gr\u00fcnen Kreisverbandes Wuppertal und der Fraktion der Gr\u00fcnen im Wuppertaler Stadtrat. Lokale und \u00fcberregionale Themen werden hier unter der \"Gr\u00fcnen Lampe\" beleuchtet - immer mit dem Fokus auf eine \u00f6kologische und soziale Politik.","robots":{"index":"index","follow":"follow","max-snippet":"max-snippet:-1","max-image-preview":"max-image-preview:large","max-video-preview":"max-video-preview:-1"},"canonical":"https:\/\/gruene-wuppertal.de\/fraktion\/aktuell\/podcast-gruen-gesagt\/","og_locale":"de_DE","og_type":"article","og_title":"Podcast \"Gr\u00fcn gesagt\" - Fraktion von B\u00fcndnis 90 \/ DIE GR\u00dcNEN im Rat der Stadt Wuppertal","og_description":"Der Podcast \"Gr\u00fcn gesagt\" ist ein gemeinsames Projekt des Gr\u00fcnen Kreisverbandes Wuppertal und der Fraktion der Gr\u00fcnen im Wuppertaler Stadtrat. Lokale und \u00fcberregionale Themen werden hier unter der \"Gr\u00fcnen Lampe\" beleuchtet - immer mit dem Fokus auf eine \u00f6kologische und soziale Politik.","og_url":"https:\/\/gruene-wuppertal.de\/fraktion\/aktuell\/podcast-gruen-gesagt\/","og_site_name":"Fraktion von B\u00fcndnis 90 \/ DIE GR\u00dcNEN im Rat der Stadt Wuppertal","article_modified_time":"2025-03-10T16:39:50+00:00","og_image":[{"width":1000,"height":1000,"url":"https:\/\/gruene-wuppertal.de\/fraktion\/wp-content\/uploads\/2022\/07\/Podcast_Logo.png","type":"image\/png"}],"twitter_card":"summary_large_image","twitter_misc":{"Gesch\u00e4tzte Lesezeit":"1 Minute"},"schema":{"@context":"https:\/\/schema.org","@graph":[{"@type":"WebPage","@id":"https:\/\/gruene-wuppertal.de\/fraktion\/aktuell\/podcast-gruen-gesagt\/","url":"https:\/\/gruene-wuppertal.de\/fraktion\/aktuell\/podcast-gruen-gesagt\/","name":"Podcast \"Gr\u00fcn gesagt\" - Fraktion von B\u00fcndnis 90 \/ DIE GR\u00dcNEN im Rat der Stadt Wuppertal","isPartOf":{"@id":"https:\/\/gruene-wuppertal.de\/fraktion\/#website"},"datePublished":"2022-08-29T11:45:20+00:00","dateModified":"2025-03-10T16:39:50+00:00","description":"Der Podcast \"Gr\u00fcn gesagt\" ist ein gemeinsames Projekt des Gr\u00fcnen Kreisverbandes Wuppertal und der Fraktion der Gr\u00fcnen im Wuppertaler Stadtrat. Lokale und \u00fcberregionale Themen werden hier unter der \"Gr\u00fcnen Lampe\" beleuchtet - immer mit dem Fokus auf eine \u00f6kologische und soziale Politik.","breadcrumb":{"@id":"https:\/\/gruene-wuppertal.de\/fraktion\/aktuell\/podcast-gruen-gesagt\/#breadcrumb"},"inLanguage":"de-DE","potentialAction":[{"@type":"ReadAction","target":["https:\/\/gruene-wuppertal.de\/fraktion\/aktuell\/podcast-gruen-gesagt\/"]}]},{"@type":"BreadcrumbList","@id":"https:\/\/gruene-wuppertal.de\/fraktion\/aktuell\/podcast-gruen-gesagt\/#breadcrumb","itemListElement":[{"@type":"ListItem","position":1,"name":"Startseite","item":"https:\/\/gruene-wuppertal.de\/fraktion\/"},{"@type":"ListItem","position":2,"name":"Aktuell","item":"https:\/\/gruene-wuppertal.de\/fraktion\/aktuell\/"},{"@type":"ListItem","position":3,"name":"Podcast &#8222;Gr\u00fcn gesagt&#8220;"}]},{"@type":"WebSite","@id":"https:\/\/gruene-wuppertal.de\/fraktion\/#website","url":"https:\/\/gruene-wuppertal.de\/fraktion\/","name":"Fraktion von B\u00fcndnis 90 \/ DIE GR\u00dcNEN im Rat der Stadt Wuppertal","description":"","potentialAction":[{"@type":"SearchAction","target":{"@type":"EntryPoint","urlTemplate":"https:\/\/gruene-wuppertal.de\/fraktion\/?s={search_term_string}"},"query-input":"required name=search_term_string"}],"inLanguage":"de-DE"}]}},"post_mailing_queue_ids":[],"_links":{"self":[{"href":"https:\/\/gruene-wuppertal.de\/fraktion\/wp-json\/wp\/v2\/pages\/20501"}],"collection":[{"href":"https:\/\/gruene-wuppertal.de\/fraktion\/wp-json\/wp\/v2\/pages"}],"about":[{"href":"https:\/\/gruene-wuppertal.de\/fraktion\/wp-json\/wp\/v2\/types\/page"}],"author":[{"embeddable":true,"href":"https:\/\/gruene-wuppertal.de\/fraktion\/wp-json\/wp\/v2\/users\/88"}],"replies":[{"embeddable":true,"href":"https:\/\/gruene-wuppertal.de\/fraktion\/wp-json\/wp\/v2\/comments?post=20501"}],"version-history":[{"count":10,"href":"https:\/\/gruene-wuppertal.de\/fraktion\/wp-json\/wp\/v2\/pages\/20501\/revisions"}],"predecessor-version":[{"id":22312,"href":"https:\/\/gruene-wuppertal.de\/fraktion\/wp-json\/wp\/v2\/pages\/20501\/revisions\/22312"}],"up":[{"embeddable":true,"href":"https:\/\/gruene-wuppertal.de\/fraktion\/wp-json\/wp\/v2\/pages\/90"}],"wp:featuredmedia":[{"embeddable":true,"href":"https:\/\/gruene-wuppertal.de\/fraktion\/wp-json\/wp\/v2\/media\/20503"}],"wp:attachment":[{"href":"https:\/\/gruene-wuppertal.de\/fraktion\/wp-json\/wp\/v2\/media?parent=20501"}],"curies":[{"name":"wp","href":"https:\/\/api.w.org\/{rel}","templated":true}]}}