{"id":110,"date":"2020-06-24T22:40:37","date_gmt":"2020-06-24T20:40:37","guid":{"rendered":"https:\/\/gruene-wuppertal.de\/fraktion\/?page_id=110"},"modified":"2025-08-19T12:23:39","modified_gmt":"2025-08-19T10:23:39","slug":"aufwandsentschaedigungen","status":"publish","type":"page","link":"https:\/\/gruene-wuppertal.de\/fraktion\/die-fraktion\/aufwandsentschaedigungen\/","title":{"rendered":"Aufwandsentsch\u00e4digungen"},"content":{"rendered":"<p>[vc_row content_width=&#8220;grid&#8220;][vc_column][vc_column_text css=&#8220;.vc_custom_1593734079276{margin-bottom: 32px !important;padding-top: 32px !important;padding-right: 32px !important;padding-bottom: 32px !important;padding-left: 32px !important;background-color: #ffffff !important;}&#8220; el_class=&#8220;shadowbox&#8220;]<\/p>\n<h1 class=\"entry-title\">Aufwandsentsch\u00e4digungen<\/h1>\n<p>[\/vc_column_text][\/vc_column][\/vc_row][vc_row content_width=&#8220;grid&#8220;][vc_column][vc_column_text css=&#8220;.vc_custom_1755599015191{margin-bottom: 32px !important;padding-top: 32px !important;padding-right: 32px !important;padding-bottom: 32px !important;padding-left: 32px !important;background-color: #ffffff !important;}&#8220; el_class=&#8220;shadowbox&#8220;]<strong>GR\u00dcNE Stadtverordnete transparent<\/strong><\/p>\n<p>&nbsp;<\/p>\n<p>Die Arbeit der Kommunalpolitiker*innen f\u00fcr Wuppertal ist eine ehrenamtliche T\u00e4tigkeit, d.h., daf\u00fcr gibt es kein geregeltes Einkommen, lediglich der Aufwand wird entsch\u00e4digt.<\/p>\n<p>Wir beantworten Ihnen gern die Frage, wie hoch die Aufwandsentsch\u00e4digung f\u00fcr die Stadtverordneten jeweils ist und wer wieviel an die GR\u00dcNE Partei spendet.<\/p>\n<p>Die H\u00f6he der Aufwandsentsch\u00e4digung wird durch das Innenministerium des Landes NRW geregelt, in der das Mandat ausge\u00fcbt wird.<\/p>\n<p>In Wuppertal betr\u00e4gt diese Entsch\u00e4digung f\u00fcr Ratsmitglieder 428,40 Euro im Monat plus Sitzungsgeld.<\/p>\n<p>Sachkundige Mitglieder in den Aussch\u00fcssen erhalten ausschlie\u00dflich Sitzungsgeld.<\/p>\n<p>Alle Stadtverordneten und Bezirksvertreter*innen spenden von ihrer Aufwandsentsch\u00e4digung 50 % an die GR\u00dcNE Partei, sachkundige B\u00fcrger*innen spenden 50 % ihres Sitzungsgeldes.<\/p>\n<p>Dar\u00fcber hinaus zahlen die Ehrenamtler*innen ab einer bestimmten H\u00f6he der Aufwandsentsch\u00e4digung entsprechend Lohnsteuer.<\/p>\n<p>In dieser PDF-Datei finden Sie\u00a0 eine \u00dcbersicht \u00fcber die H\u00f6he der Aufwandsentsch\u00e4digungen und Verg\u00fctungen in den st\u00e4dtischen Gremien.<\/p>\n<p>&nbsp;<\/p>\n<p><a href=\"https:\/\/gruene-wuppertal.de\/fraktion\/wp-content\/uploads\/2025\/05\/Aufwandsentschaedigungen-2024.pdf\">Aufwandsentsch\u00e4digungen 2024<\/a>[\/vc_column_text][\/vc_column][\/vc_row]<\/p>\n<div class=\"hupso-share-buttons\"><!-- Hupso Share Buttons - https:\/\/www.hupso.com\/share\/ --><a class=\"hupso_toolbar\" href=\"https:\/\/www.hupso.com\/share\/\"><img decoding=\"async\" src=\"https:\/\/static.hupso.com\/share\/buttons\/dot.png\" style=\"border:0px; padding-top: 5px; float:left;\" alt=\"Share Button\"\/><\/a><script type=\"text\/javascript\">var hupso_services_t=new Array(\"Twitter\",\"Facebook\",\"Pinterest\",\"Linkedin\",\"Email\");var hupso_background_t=\"#EAF4FF\";var hupso_border_t=\"#66CCFF\";var hupso_toolbar_size_t=\"medium\";var hupso_image_folder_url = \"\";var hupso_url_t=\"\";var hupso_title_t=\"Aufwandsentsch%C3%A4digungen\";<\/script><script type=\"text\/javascript\" src=\"https:\/\/static.hupso.com\/share\/js\/share_toolbar.js\"><\/script><!-- Hupso Share Buttons --><\/div>","protected":false},"excerpt":{"rendered":"<p>[vc_row content_width=&#8220;grid&#8220;][vc_column][vc_column_text css=&#8220;.vc_custom_1593734079276{margin-bottom: 32px !important;padding-top: 32px !important;padding-right: 32px !important;padding-bottom: 32px !important;padding-left: 32px !important;background-color: #ffffff !important;}&#8220; el_class=&#8220;shadowbox&#8220;] Aufwandsentsch\u00e4digungen [\/vc_column_text][\/vc_column][\/vc_row][vc_row content_width=&#8220;grid&#8220;][vc_column][vc_column_text css=&#8220;.vc_custom_1755599015191{margin-bottom: 32px !important;padding-top: 32px !important;padding-right: 32px !important;padding-bottom: 32px !important;padding-left: 32px !important;background-color: #ffffff !important;}&#8220; el_class=&#8220;shadowbox&#8220;]GR\u00dcNE Stadtverordnete transparent &nbsp; Die Arbeit der Kommunalpolitiker*innen f\u00fcr Wuppertal ist eine ehrenamtliche&#8230;<\/p>\n","protected":false},"author":1,"featured_media":0,"parent":100,"menu_order":50,"comment_status":"closed","ping_status":"closed","template":"full-width.php","meta":{"footnotes":"","_wp_rev_ctl_limit":""},"yoast_head":"<!-- This site is optimized with the Yoast SEO plugin v21.8 - https:\/\/yoast.com\/wordpress\/plugins\/seo\/ -->\n<title>Aufwandsentsch\u00e4digungen - Fraktion von B\u00fcndnis 90 \/ DIE GR\u00dcNEN im Rat der Stadt Wuppertal<\/title>\n<meta name=\"robots\" content=\"index, follow, max-snippet:-1, max-image-preview:large, max-video-preview:-1\" \/>\n<link rel=\"canonical\" href=\"https:\/\/gruene-wuppertal.de\/fraktion\/die-fraktion\/aufwandsentschaedigungen\/\" \/>\n<meta property=\"og:locale\" content=\"de_DE\" \/>\n<meta property=\"og:type\" content=\"article\" \/>\n<meta property=\"og:title\" content=\"Aufwandsentsch\u00e4digungen - Fraktion von B\u00fcndnis 90 \/ DIE GR\u00dcNEN im Rat der Stadt Wuppertal\" \/>\n<meta property=\"og:description\" content=\"[vc_row content_width=&#8220;grid&#8220;][vc_column][vc_column_text css=&#8220;.vc_custom_1593734079276{margin-bottom: 32px !important;padding-top: 32px !important;padding-right: 32px !important;padding-bottom: 32px !important;padding-left: 32px !important;background-color: #ffffff !important;}&#8220; el_class=&#8220;shadowbox&#8220;] Aufwandsentsch\u00e4digungen [\/vc_column_text][\/vc_column][\/vc_row][vc_row content_width=&#8220;grid&#8220;][vc_column][vc_column_text css=&#8220;.vc_custom_1755599015191{margin-bottom: 32px !important;padding-top: 32px !important;padding-right: 32px !important;padding-bottom: 32px !important;padding-left: 32px !important;background-color: #ffffff !important;}&#8220; el_class=&#8220;shadowbox&#8220;]GR\u00dcNE Stadtverordnete transparent &nbsp; Die Arbeit der Kommunalpolitiker*innen f\u00fcr Wuppertal ist eine ehrenamtliche...\" \/>\n<meta property=\"og:url\" content=\"https:\/\/gruene-wuppertal.de\/fraktion\/die-fraktion\/aufwandsentschaedigungen\/\" \/>\n<meta property=\"og:site_name\" content=\"Fraktion von B\u00fcndnis 90 \/ DIE GR\u00dcNEN im Rat der Stadt Wuppertal\" \/>\n<meta property=\"article:modified_time\" content=\"2025-08-19T10:23:39+00:00\" \/>\n<meta name=\"twitter:card\" content=\"summary_large_image\" \/>\n<meta name=\"twitter:label1\" content=\"Gesch\u00e4tzte Lesezeit\" \/>\n\t<meta name=\"twitter:data1\" content=\"1 Minute\" \/>\n<script type=\"application\/ld+json\" class=\"yoast-schema-graph\">{\"@context\":\"https:\/\/schema.org\",\"@graph\":[{\"@type\":\"WebPage\",\"@id\":\"https:\/\/gruene-wuppertal.de\/fraktion\/die-fraktion\/aufwandsentschaedigungen\/\",\"url\":\"https:\/\/gruene-wuppertal.de\/fraktion\/die-fraktion\/aufwandsentschaedigungen\/\",\"name\":\"Aufwandsentsch\u00e4digungen - Fraktion von B\u00fcndnis 90 \/ DIE GR\u00dcNEN im Rat der Stadt Wuppertal\",\"isPartOf\":{\"@id\":\"https:\/\/gruene-wuppertal.de\/fraktion\/#website\"},\"datePublished\":\"2020-06-24T20:40:37+00:00\",\"dateModified\":\"2025-08-19T10:23:39+00:00\",\"breadcrumb\":{\"@id\":\"https:\/\/gruene-wuppertal.de\/fraktion\/die-fraktion\/aufwandsentschaedigungen\/#breadcrumb\"},\"inLanguage\":\"de-DE\",\"potentialAction\":[{\"@type\":\"ReadAction\",\"target\":[\"https:\/\/gruene-wuppertal.de\/fraktion\/die-fraktion\/aufwandsentschaedigungen\/\"]}]},{\"@type\":\"BreadcrumbList\",\"@id\":\"https:\/\/gruene-wuppertal.de\/fraktion\/die-fraktion\/aufwandsentschaedigungen\/#breadcrumb\",\"itemListElement\":[{\"@type\":\"ListItem\",\"position\":1,\"name\":\"Startseite\",\"item\":\"https:\/\/gruene-wuppertal.de\/fraktion\/\"},{\"@type\":\"ListItem\",\"position\":2,\"name\":\"Fraktion\",\"item\":\"https:\/\/gruene-wuppertal.de\/fraktion\/die-fraktion\/\"},{\"@type\":\"ListItem\",\"position\":3,\"name\":\"Aufwandsentsch\u00e4digungen\"}]},{\"@type\":\"WebSite\",\"@id\":\"https:\/\/gruene-wuppertal.de\/fraktion\/#website\",\"url\":\"https:\/\/gruene-wuppertal.de\/fraktion\/\",\"name\":\"Fraktion von B\u00fcndnis 90 \/ DIE GR\u00dcNEN im Rat der Stadt Wuppertal\",\"description\":\"\",\"potentialAction\":[{\"@type\":\"SearchAction\",\"target\":{\"@type\":\"EntryPoint\",\"urlTemplate\":\"https:\/\/gruene-wuppertal.de\/fraktion\/?s={search_term_string}\"},\"query-input\":\"required name=search_term_string\"}],\"inLanguage\":\"de-DE\"}]}<\/script>\n<!-- \/ Yoast SEO plugin. -->","yoast_head_json":{"title":"Aufwandsentsch\u00e4digungen - Fraktion von B\u00fcndnis 90 \/ DIE GR\u00dcNEN im Rat der Stadt Wuppertal","robots":{"index":"index","follow":"follow","max-snippet":"max-snippet:-1","max-image-preview":"max-image-preview:large","max-video-preview":"max-video-preview:-1"},"canonical":"https:\/\/gruene-wuppertal.de\/fraktion\/die-fraktion\/aufwandsentschaedigungen\/","og_locale":"de_DE","og_type":"article","og_title":"Aufwandsentsch\u00e4digungen - Fraktion von B\u00fcndnis 90 \/ DIE GR\u00dcNEN im Rat der Stadt Wuppertal","og_description":"[vc_row content_width=&#8220;grid&#8220;][vc_column][vc_column_text css=&#8220;.vc_custom_1593734079276{margin-bottom: 32px !important;padding-top: 32px !important;padding-right: 32px !important;padding-bottom: 32px !important;padding-left: 32px !important;background-color: #ffffff !important;}&#8220; el_class=&#8220;shadowbox&#8220;] Aufwandsentsch\u00e4digungen [\/vc_column_text][\/vc_column][\/vc_row][vc_row content_width=&#8220;grid&#8220;][vc_column][vc_column_text css=&#8220;.vc_custom_1755599015191{margin-bottom: 32px !important;padding-top: 32px !important;padding-right: 32px !important;padding-bottom: 32px !important;padding-left: 32px !important;background-color: #ffffff !important;}&#8220; el_class=&#8220;shadowbox&#8220;]GR\u00dcNE Stadtverordnete transparent &nbsp; Die Arbeit der Kommunalpolitiker*innen f\u00fcr Wuppertal ist eine ehrenamtliche...","og_url":"https:\/\/gruene-wuppertal.de\/fraktion\/die-fraktion\/aufwandsentschaedigungen\/","og_site_name":"Fraktion von B\u00fcndnis 90 \/ DIE GR\u00dcNEN im Rat der Stadt Wuppertal","article_modified_time":"2025-08-19T10:23:39+00:00","twitter_card":"summary_large_image","twitter_misc":{"Gesch\u00e4tzte Lesezeit":"1 Minute"},"schema":{"@context":"https:\/\/schema.org","@graph":[{"@type":"WebPage","@id":"https:\/\/gruene-wuppertal.de\/fraktion\/die-fraktion\/aufwandsentschaedigungen\/","url":"https:\/\/gruene-wuppertal.de\/fraktion\/die-fraktion\/aufwandsentschaedigungen\/","name":"Aufwandsentsch\u00e4digungen - Fraktion von B\u00fcndnis 90 \/ DIE GR\u00dcNEN im Rat der Stadt Wuppertal","isPartOf":{"@id":"https:\/\/gruene-wuppertal.de\/fraktion\/#website"},"datePublished":"2020-06-24T20:40:37+00:00","dateModified":"2025-08-19T10:23:39+00:00","breadcrumb":{"@id":"https:\/\/gruene-wuppertal.de\/fraktion\/die-fraktion\/aufwandsentschaedigungen\/#breadcrumb"},"inLanguage":"de-DE","potentialAction":[{"@type":"ReadAction","target":["https:\/\/gruene-wuppertal.de\/fraktion\/die-fraktion\/aufwandsentschaedigungen\/"]}]},{"@type":"BreadcrumbList","@id":"https:\/\/gruene-wuppertal.de\/fraktion\/die-fraktion\/aufwandsentschaedigungen\/#breadcrumb","itemListElement":[{"@type":"ListItem","position":1,"name":"Startseite","item":"https:\/\/gruene-wuppertal.de\/fraktion\/"},{"@type":"ListItem","position":2,"name":"Fraktion","item":"https:\/\/gruene-wuppertal.de\/fraktion\/die-fraktion\/"},{"@type":"ListItem","position":3,"name":"Aufwandsentsch\u00e4digungen"}]},{"@type":"WebSite","@id":"https:\/\/gruene-wuppertal.de\/fraktion\/#website","url":"https:\/\/gruene-wuppertal.de\/fraktion\/","name":"Fraktion von B\u00fcndnis 90 \/ DIE GR\u00dcNEN im Rat der Stadt Wuppertal","description":"","potentialAction":[{"@type":"SearchAction","target":{"@type":"EntryPoint","urlTemplate":"https:\/\/gruene-wuppertal.de\/fraktion\/?s={search_term_string}"},"query-input":"required name=search_term_string"}],"inLanguage":"de-DE"}]}},"post_mailing_queue_ids":[],"_links":{"self":[{"href":"https:\/\/gruene-wuppertal.de\/fraktion\/wp-json\/wp\/v2\/pages\/110"}],"collection":[{"href":"https:\/\/gruene-wuppertal.de\/fraktion\/wp-json\/wp\/v2\/pages"}],"about":[{"href":"https:\/\/gruene-wuppertal.de\/fraktion\/wp-json\/wp\/v2\/types\/page"}],"author":[{"embeddable":true,"href":"https:\/\/gruene-wuppertal.de\/fraktion\/wp-json\/wp\/v2\/users\/1"}],"replies":[{"embeddable":true,"href":"https:\/\/gruene-wuppertal.de\/fraktion\/wp-json\/wp\/v2\/comments?post=110"}],"version-history":[{"count":11,"href":"https:\/\/gruene-wuppertal.de\/fraktion\/wp-json\/wp\/v2\/pages\/110\/revisions"}],"predecessor-version":[{"id":22583,"href":"https:\/\/gruene-wuppertal.de\/fraktion\/wp-json\/wp\/v2\/pages\/110\/revisions\/22583"}],"up":[{"embeddable":true,"href":"https:\/\/gruene-wuppertal.de\/fraktion\/wp-json\/wp\/v2\/pages\/100"}],"wp:attachment":[{"href":"https:\/\/gruene-wuppertal.de\/fraktion\/wp-json\/wp\/v2\/media?parent=110"}],"curies":[{"name":"wp","href":"https:\/\/api.w.org\/{rel}","templated":true}]}}