{"id":102,"date":"2020-06-24T22:38:57","date_gmt":"2020-06-24T20:38:57","guid":{"rendered":"https:\/\/gruene-wuppertal.de\/fraktion\/?page_id=102"},"modified":"2020-10-28T16:10:54","modified_gmt":"2020-10-28T15:10:54","slug":"die-mitglieder-der-ratsfraktion","status":"publish","type":"page","link":"https:\/\/gruene-wuppertal.de\/fraktion\/die-fraktion\/die-mitglieder-der-ratsfraktion\/","title":{"rendered":"Die Mitglieder der Ratsfraktion"},"content":{"rendered":"<p>[vc_row content_width=&#8220;grid&#8220; css=&#8220;.vc_custom_1593553255534{margin-bottom: 32px !important;}&#8220;][vc_column][vc_column_text el_class=&#8220;shadowbox&#8220; css=&#8220;.vc_custom_1593553248591{padding-top: 32px !important;padding-right: 32px !important;padding-bottom: 32px !important;padding-left: 32px !important;background-color: #ffffff !important;}&#8220;]<\/p>\n<h1>Die Mitglieder der Ratsfraktion<\/h1>\n<h2>Fraktion B\u00fcndnis 90\/ DIE GR\u00dcNEN im Rat der Stadt Wuppertal<\/h2>\n<p>[\/vc_column_text][\/vc_column][\/vc_row][vc_row content_width=&#8220;grid&#8220;][vc_column][vc_column_text]<div class=\"userbox-outer\"><div class=\"userbox-inner\"><div class=\"userbox-content shadowbox\"><div class=\"userbox-imagebox\"><a href=\"\/fraktion\/die-fraktion\/die-mitglieder-der-ratsfraktion?mitglied=denise-frings\" title=\"Profilseite \u00f6ffnen\"><img decoding=\"async\" src=\"https:\/\/gruene-wuppertal.de\/fraktion\/wp-content\/uploads\/2025\/12\/Denise1.jpg\" class=\"userbox-image\" \/><\/a><\/div><div class=\"userbox-name\"><h3><a href=\"\/fraktion\/die-fraktion\/die-mitglieder-der-ratsfraktion?mitglied=denise-frings\" title=\"Profilseite \u00f6ffnen\">Denise Frings<\/a><\/h3><\/div><div class=\"userbox-leitungsfunktion\">Fraktionsvorsitzende, Sprecherin f\u00fcr Schule und Bildung<\/div><div class=\"userbox-email\"><a href=\"mailto:denise.frings@gruene-wuppertal.de\" title=\"E-Mail senden\"><div class=\"dashicons dashicons-email\"><\/div> E-Mail senden<\/a><\/div><\/div><\/div><\/div><div class=\"userbox-outer\"><div class=\"userbox-inner\"><div class=\"userbox-content shadowbox\"><div class=\"userbox-imagebox\"><a href=\"\/fraktion\/die-fraktion\/die-mitglieder-der-ratsfraktion?mitglied=ulrich-t-christenn\" title=\"Profilseite \u00f6ffnen\"><img decoding=\"async\" src=\"https:\/\/gruene-wuppertal.de\/fraktion\/wp-content\/uploads\/2025\/12\/Uli.jpg\" class=\"userbox-image\" \/><\/a><\/div><div class=\"userbox-name\"><h3><a href=\"\/fraktion\/die-fraktion\/die-mitglieder-der-ratsfraktion?mitglied=ulrich-t-christenn\" title=\"Profilseite \u00f6ffnen\">Ulrich T. Christenn<\/a><\/h3><\/div><div class=\"userbox-leitungsfunktion\">Fraktionsvorsitzender, Sprecher f\u00fcr Umwelt, Gesundheit, Klima, Verbraucherschutz und Nachhaltigkeit<\/div><div class=\"userbox-tel\"><a href=\"tel:+4916093118580\" title=\"Anrufen\"><div class=\"dashicons dashicons-smartphone\" style=\"font-size:15px;\"><\/div> 0160 93 11 85 80<\/a><\/div><div class=\"userbox-email\"><a href=\"mailto:ulrich.t.christenn@gruene-wuppertal.de\" title=\"E-Mail senden\"><div class=\"dashicons dashicons-email\"><\/div> E-Mail senden<\/a><\/div><div class=\"userbox-facebook\"><a href=\"https:\/\/www.facebook.com\/toTalGruenfuerBrillArrenberg\" title=\"Facebook \u00f6ffnen\" target=\"_blank\"><div class=\"dashicons dashicons-facebook\"><\/div> Facebook<\/a><\/div><div class=\"userbox-instagram\"><a href=\"https:\/\/www.instagram.com\/ulrichchristenn\" title=\"Instagram \u00f6ffnen\" target=\"_blank\"><div class=\"dashicons dashicons-instagram\"><\/div> Instagram<\/a><\/div><\/div><\/div><\/div><div class=\"userbox-outer\"><div class=\"userbox-inner\"><div class=\"userbox-content shadowbox\"><div class=\"userbox-imagebox\"><a href=\"\/fraktion\/die-fraktion\/die-mitglieder-der-ratsfraktion?mitglied=liliane-viola-pollmann\" title=\"Profilseite \u00f6ffnen\"><img decoding=\"async\" src=\"https:\/\/gruene-wuppertal.de\/fraktion\/wp-content\/uploads\/2025\/11\/Liliane.jpg\" class=\"userbox-image\" \/><\/a><\/div><div class=\"userbox-name\"><h3><a href=\"\/fraktion\/die-fraktion\/die-mitglieder-der-ratsfraktion?mitglied=liliane-viola-pollmann\" title=\"Profilseite \u00f6ffnen\">Liliane Viola Pollmann<\/a><\/h3><\/div><div class=\"userbox-leitungsfunktion\">Stellv. Fraktionsvorsitzende, Sprecherin f\u00fcr Chancen-gerechtigkeit und Integration sowie f\u00fcr \u00d6ffentliche Ordnung, B\u00fcrgerservice & Digitalisierung<\/div><div class=\"userbox-email\"><a href=\"mailto:liliane.viola.pollmann@gruene-wuppertal.de\" title=\"E-Mail senden\"><div class=\"dashicons dashicons-email\"><\/div> E-Mail senden<\/a><\/div><\/div><\/div><\/div><div class=\"userbox-outer\"><div class=\"userbox-inner\"><div class=\"userbox-content shadowbox\"><div class=\"userbox-imagebox\"><a href=\"\/fraktion\/die-fraktion\/die-mitglieder-der-ratsfraktion?mitglied=dagmar-liste-frinker\" title=\"Profilseite \u00f6ffnen\"><img decoding=\"async\" src=\"https:\/\/gruene-wuppertal.de\/fraktion\/wp-content\/uploads\/2025\/12\/Dagmar.jpg\" class=\"userbox-image\" \/><\/a><\/div><div class=\"userbox-name\"><h3><a href=\"\/fraktion\/die-fraktion\/die-mitglieder-der-ratsfraktion?mitglied=dagmar-liste-frinker\" title=\"Profilseite \u00f6ffnen\">Dagmar Liste-Frinker<\/a><\/h3><\/div><div class=\"userbox-leitungsfunktion\">B\u00fcrgermeisterin, Sprecherin f\u00fcr Wirtschaft und Standortmarketing<\/div><div class=\"userbox-tel\"><a href=\"tel:+4915782959057\" title=\"Anrufen\"><div class=\"dashicons dashicons-smartphone\" style=\"font-size:15px;\"><\/div> 0157 82 95 90 57<\/a><\/div><div class=\"userbox-email\"><a href=\"mailto:dagmar.liste.frinker@gruene-wuppertal.de\" title=\"E-Mail senden\"><div class=\"dashicons dashicons-email\"><\/div> E-Mail senden<\/a><\/div><\/div><\/div><\/div><div class=\"userbox-outer\"><div class=\"userbox-inner\"><div class=\"userbox-content shadowbox\"><div class=\"userbox-imagebox\"><a href=\"\/fraktion\/die-fraktion\/die-mitglieder-der-ratsfraktion?mitglied=thomas-lenz\" title=\"Profilseite \u00f6ffnen\"><img decoding=\"async\" src=\"https:\/\/gruene-wuppertal.de\/fraktion\/wp-content\/uploads\/2025\/11\/Thomas.jpg\" class=\"userbox-image\" \/><\/a><\/div><div class=\"userbox-name\"><h3><a href=\"\/fraktion\/die-fraktion\/die-mitglieder-der-ratsfraktion?mitglied=thomas-lenz\" title=\"Profilseite \u00f6ffnen\">Thomas Lenz<\/a><\/h3><\/div><div class=\"userbox-leitungsfunktion\">Sprecher f\u00fcr Finanzen und Sport<\/div><div class=\"userbox-email\"><a href=\"mailto:thomas.lenz@gruene-wuppertal.de\" title=\"E-Mail senden\"><div class=\"dashicons dashicons-email\"><\/div> E-Mail senden<\/a><\/div><\/div><\/div><\/div><div class=\"userbox-outer\"><div class=\"userbox-inner\"><div class=\"userbox-content shadowbox\"><div class=\"userbox-imagebox\"><a href=\"\/fraktion\/die-fraktion\/die-mitglieder-der-ratsfraktion?mitglied=timo-schmidt\" title=\"Profilseite \u00f6ffnen\"><img decoding=\"async\" src=\"https:\/\/gruene-wuppertal.de\/fraktion\/wp-content\/uploads\/2025\/12\/Timo.jpg\" class=\"userbox-image\" \/><\/a><\/div><div class=\"userbox-name\"><h3><a href=\"\/fraktion\/die-fraktion\/die-mitglieder-der-ratsfraktion?mitglied=timo-schmidt\" title=\"Profilseite \u00f6ffnen\">Timo Schmidt<\/a><\/h3><\/div><div class=\"userbox-leitungsfunktion\">Sprecher f\u00fcr Mobilit\u00e4t<\/div><div class=\"userbox-email\"><a href=\"mailto:timo.schmidt@gruene-wuppertal.de\" title=\"E-Mail senden\"><div class=\"dashicons dashicons-email\"><\/div> E-Mail senden<\/a><\/div><div class=\"userbox-facebook\"><a href=\"https:\/\/www.facebook.com\/search\/top?q=timoschmidt\" title=\"Facebook \u00f6ffnen\" target=\"_blank\"><div class=\"dashicons dashicons-facebook\"><\/div> Facebook<\/a><\/div><\/div><\/div><\/div><div class=\"userbox-outer\"><div class=\"userbox-inner\"><div class=\"userbox-content shadowbox\"><div class=\"userbox-imagebox\"><a href=\"\/fraktion\/die-fraktion\/die-mitglieder-der-ratsfraktion?mitglied=anja-liebert\" title=\"Profilseite \u00f6ffnen\"><img decoding=\"async\" src=\"https:\/\/gruene-wuppertal.de\/fraktion\/wp-content\/uploads\/2025\/12\/Anja.jpg\" class=\"userbox-image\" \/><\/a><\/div><div class=\"userbox-name\"><h3><a href=\"\/fraktion\/die-fraktion\/die-mitglieder-der-ratsfraktion?mitglied=anja-liebert\" title=\"Profilseite \u00f6ffnen\">Anja Liebert<\/a><\/h3><\/div><div class=\"userbox-leitungsfunktion\">Sprecherin f\u00fcr Stadtentwicklung und Bauen, Vorsitzende des Ausschusses f\u00fcr Umwelt, Gesundheit, Klima, Verbraucher-schutz und Nachhaltigkeit<\/div><div class=\"userbox-tel\"><a href=\"tel:+49202433172\" title=\"Anrufen\"><div class=\"dashicons dashicons-phone\"><\/div> 0202 43 31 72<\/a><\/div><div class=\"userbox-tel\"><a href=\"tel:+4917698844794\" title=\"Anrufen\"><div class=\"dashicons dashicons-smartphone\" style=\"font-size:15px;\"><\/div> 0176 98 84 47 94<\/a><\/div><div class=\"userbox-email\"><a href=\"mailto:Anja.Liebert@gruene-wuppertal.de\" title=\"E-Mail senden\"><div class=\"dashicons dashicons-email\"><\/div> E-Mail senden<\/a><\/div><div class=\"userbox-facebook\"><a href=\"https:\/\/www.facebook.com\/anja.liebert.9\" title=\"Facebook \u00f6ffnen\" target=\"_blank\"><div class=\"dashicons dashicons-facebook\"><\/div> Facebook<\/a><\/div><\/div><\/div><\/div><div class=\"userbox-outer\"><div class=\"userbox-inner\"><div class=\"userbox-content shadowbox\"><div class=\"userbox-imagebox\"><a href=\"\/fraktion\/die-fraktion\/die-mitglieder-der-ratsfraktion?mitglied=marcel-gabriel-simon\" title=\"Profilseite \u00f6ffnen\"><img decoding=\"async\" src=\"https:\/\/gruene-wuppertal.de\/fraktion\/wp-content\/uploads\/2025\/12\/Marcel.jpg\" class=\"userbox-image\" \/><\/a><\/div><div class=\"userbox-name\"><h3><a href=\"\/fraktion\/die-fraktion\/die-mitglieder-der-ratsfraktion?mitglied=marcel-gabriel-simon\" title=\"Profilseite \u00f6ffnen\">Marcel Gabriel-Simon<\/a><\/h3><\/div><div class=\"userbox-leitungsfunktion\">Sprecher f\u00fcr Soziales und Inklusion, Sprecher f\u00fcr Jugendhilfe im Rat<\/div><div class=\"userbox-tel\"><a href=\"tel:+491792273299\" title=\"Anrufen\"><div class=\"dashicons dashicons-smartphone\" style=\"font-size:15px;\"><\/div> 0179 227 32 99<\/a><\/div><div class=\"userbox-email\"><a href=\"mailto:marcel.gabriel-simon@gruene-wuppertal.de\" title=\"E-Mail senden\"><div class=\"dashicons dashicons-email\"><\/div> E-Mail senden<\/a><\/div><div class=\"userbox-facebook\"><a href=\"https:\/\/www.facebook.com\/marcel.simon.73\" title=\"Facebook \u00f6ffnen\" target=\"_blank\"><div class=\"dashicons dashicons-facebook\"><\/div> Facebook<\/a><\/div><\/div><\/div><\/div><div class=\"userbox-outer\"><div class=\"userbox-inner\"><div class=\"userbox-content shadowbox\"><div class=\"userbox-imagebox\"><a href=\"\/fraktion\/die-fraktion\/die-mitglieder-der-ratsfraktion?mitglied=janina-smits\" title=\"Profilseite \u00f6ffnen\"><img decoding=\"async\" src=\"https:\/\/gruene-wuppertal.de\/fraktion\/wp-content\/uploads\/2025\/11\/Janina.jpg\" class=\"userbox-image\" \/><\/a><\/div><div class=\"userbox-name\"><h3><a href=\"\/fraktion\/die-fraktion\/die-mitglieder-der-ratsfraktion?mitglied=janina-smits\" title=\"Profilseite \u00f6ffnen\">Janina Smits<\/a><\/h3><\/div><div class=\"userbox-leitungsfunktion\">Sprecherin f\u00fcr Kultur, Sprecherin f\u00fcr Gleichstellung<\/div><div class=\"userbox-email\"><a href=\"mailto:janina.smits@gruene-wuppertal.de\" title=\"E-Mail senden\"><div class=\"dashicons dashicons-email\"><\/div> E-Mail senden<\/a><\/div><div class=\"userbox-instagram\"><a href=\"https:\/\/www.instagram.com\/janina.smits\/\" title=\"Instagram \u00f6ffnen\" target=\"_blank\"><div class=\"dashicons dashicons-instagram\"><\/div> Instagram<\/a><\/div><div class=\"userbox-linkedin\"><a href=\"https:\/\/www.linkedin.com\/in\/janina-smits-3ba911228\/\" title=\"LinkedIn \u00f6ffnen\" target=\"_blank\"><div class=\"dashicons dashicons-linkedin\"><\/div> LinkedIn<\/a><\/div><\/div><\/div><\/div><div style=\"clear:both;\"><\/div>[\/vc_column_text][\/vc_column][\/vc_row][vc_row content_width=&#8220;grid&#8220; css=&#8220;.vc_custom_1593553262184{margin-bottom: 32px !important;}&#8220;][vc_column][vc_column_text css=&#8220;.vc_custom_1603897612876{margin-bottom: 32px !important;}&#8220;][\/vc_column_text][\/vc_column][\/vc_row]<\/p>\n<div class=\"hupso-share-buttons\"><!-- Hupso Share Buttons - https:\/\/www.hupso.com\/share\/ --><a class=\"hupso_toolbar\" href=\"https:\/\/www.hupso.com\/share\/\"><img decoding=\"async\" src=\"https:\/\/static.hupso.com\/share\/buttons\/dot.png\" style=\"border:0px; padding-top: 5px; float:left;\" alt=\"Share Button\"\/><\/a><script type=\"text\/javascript\">var hupso_services_t=new Array(\"Twitter\",\"Facebook\",\"Pinterest\",\"Linkedin\",\"Email\");var hupso_background_t=\"#EAF4FF\";var hupso_border_t=\"#66CCFF\";var hupso_toolbar_size_t=\"medium\";var hupso_image_folder_url = \"\";var hupso_url_t=\"\";var hupso_title_t=\"Die%20Mitglieder%20der%20Ratsfraktion\";<\/script><script type=\"text\/javascript\" src=\"https:\/\/static.hupso.com\/share\/js\/share_toolbar.js\"><\/script><!-- Hupso Share Buttons --><\/div>","protected":false},"excerpt":{"rendered":"<p>[vc_row content_width=&#8220;grid&#8220; css=&#8220;.vc_custom_1593553255534{margin-bottom: 32px !important;}&#8220;][vc_column][vc_column_text el_class=&#8220;shadowbox&#8220; css=&#8220;.vc_custom_1593553248591{padding-top: 32px !important;padding-right: 32px !important;padding-bottom: 32px !important;padding-left: 32px !important;background-color: #ffffff !important;}&#8220;] Die Mitglieder der Ratsfraktion Fraktion B\u00fcndnis 90\/ DIE GR\u00dcNEN im Rat der Stadt Wuppertal [\/vc_column_text][\/vc_column][\/vc_row][vc_row content_width=&#8220;grid&#8220;][vc_column][vc_column_text][\/vc_column_text][\/vc_column][\/vc_row][vc_row content_width=&#8220;grid&#8220; css=&#8220;.vc_custom_1593553262184{margin-bottom: 32px !important;}&#8220;][vc_column][vc_column_text css=&#8220;.vc_custom_1603897612876{margin-bottom: 32px !important;}&#8220;][\/vc_column_text][\/vc_column][\/vc_row]<\/p>\n","protected":false},"author":1,"featured_media":0,"parent":100,"menu_order":3,"comment_status":"closed","ping_status":"closed","template":"full-width.php","meta":{"footnotes":"","_wp_rev_ctl_limit":""},"yoast_head":"<!-- This site is optimized with the Yoast SEO plugin v21.8 - https:\/\/yoast.com\/wordpress\/plugins\/seo\/ -->\n<title>Die Mitglieder der Ratsfraktion - Fraktion von B\u00fcndnis 90 \/ DIE GR\u00dcNEN im Rat der Stadt Wuppertal<\/title>\n<meta name=\"robots\" content=\"index, follow, max-snippet:-1, max-image-preview:large, max-video-preview:-1\" \/>\n<link rel=\"canonical\" href=\"https:\/\/gruene-wuppertal.de\/fraktion\/die-fraktion\/die-mitglieder-der-ratsfraktion\/\" \/>\n<meta property=\"og:locale\" content=\"de_DE\" \/>\n<meta property=\"og:type\" content=\"article\" \/>\n<meta property=\"og:title\" content=\"Die Mitglieder der Ratsfraktion - Fraktion von B\u00fcndnis 90 \/ DIE GR\u00dcNEN im Rat der Stadt Wuppertal\" \/>\n<meta property=\"og:description\" content=\"[vc_row content_width=&#8220;grid&#8220; css=&#8220;.vc_custom_1593553255534{margin-bottom: 32px !important;}&#8220;][vc_column][vc_column_text el_class=&#8220;shadowbox&#8220; css=&#8220;.vc_custom_1593553248591{padding-top: 32px !important;padding-right: 32px !important;padding-bottom: 32px !important;padding-left: 32px !important;background-color: #ffffff !important;}&#8220;] Die Mitglieder der Ratsfraktion Fraktion B\u00fcndnis 90\/ DIE GR\u00dcNEN im Rat der Stadt Wuppertal [\/vc_column_text][\/vc_column][\/vc_row][vc_row content_width=&#8220;grid&#8220;][vc_column][vc_column_text][\/vc_column_text][\/vc_column][\/vc_row][vc_row content_width=&#8220;grid&#8220; css=&#8220;.vc_custom_1593553262184{margin-bottom: 32px !important;}&#8220;][vc_column][vc_column_text css=&#8220;.vc_custom_1603897612876{margin-bottom: 32px !important;}&#8220;][\/vc_column_text][\/vc_column][\/vc_row]\" \/>\n<meta property=\"og:url\" content=\"https:\/\/gruene-wuppertal.de\/fraktion\/die-fraktion\/die-mitglieder-der-ratsfraktion\/\" \/>\n<meta property=\"og:site_name\" content=\"Fraktion von B\u00fcndnis 90 \/ DIE GR\u00dcNEN im Rat der Stadt Wuppertal\" \/>\n<meta property=\"article:modified_time\" content=\"2020-10-28T15:10:54+00:00\" \/>\n<meta name=\"twitter:card\" content=\"summary_large_image\" \/>\n<meta name=\"twitter:label1\" content=\"Gesch\u00e4tzte Lesezeit\" \/>\n\t<meta name=\"twitter:data1\" content=\"1 Minute\" \/>\n<script type=\"application\/ld+json\" class=\"yoast-schema-graph\">{\"@context\":\"https:\/\/schema.org\",\"@graph\":[{\"@type\":\"WebPage\",\"@id\":\"https:\/\/gruene-wuppertal.de\/fraktion\/die-fraktion\/die-mitglieder-der-ratsfraktion\/\",\"url\":\"https:\/\/gruene-wuppertal.de\/fraktion\/die-fraktion\/die-mitglieder-der-ratsfraktion\/\",\"name\":\"Die Mitglieder der Ratsfraktion - Fraktion von B\u00fcndnis 90 \/ DIE GR\u00dcNEN im Rat der Stadt Wuppertal\",\"isPartOf\":{\"@id\":\"https:\/\/gruene-wuppertal.de\/fraktion\/#website\"},\"datePublished\":\"2020-06-24T20:38:57+00:00\",\"dateModified\":\"2020-10-28T15:10:54+00:00\",\"breadcrumb\":{\"@id\":\"https:\/\/gruene-wuppertal.de\/fraktion\/die-fraktion\/die-mitglieder-der-ratsfraktion\/#breadcrumb\"},\"inLanguage\":\"de-DE\",\"potentialAction\":[{\"@type\":\"ReadAction\",\"target\":[\"https:\/\/gruene-wuppertal.de\/fraktion\/die-fraktion\/die-mitglieder-der-ratsfraktion\/\"]}]},{\"@type\":\"BreadcrumbList\",\"@id\":\"https:\/\/gruene-wuppertal.de\/fraktion\/die-fraktion\/die-mitglieder-der-ratsfraktion\/#breadcrumb\",\"itemListElement\":[{\"@type\":\"ListItem\",\"position\":1,\"name\":\"Startseite\",\"item\":\"https:\/\/gruene-wuppertal.de\/fraktion\/\"},{\"@type\":\"ListItem\",\"position\":2,\"name\":\"Fraktion\",\"item\":\"https:\/\/gruene-wuppertal.de\/fraktion\/die-fraktion\/\"},{\"@type\":\"ListItem\",\"position\":3,\"name\":\"Die Mitglieder der Ratsfraktion\"}]},{\"@type\":\"WebSite\",\"@id\":\"https:\/\/gruene-wuppertal.de\/fraktion\/#website\",\"url\":\"https:\/\/gruene-wuppertal.de\/fraktion\/\",\"name\":\"Fraktion von B\u00fcndnis 90 \/ DIE GR\u00dcNEN im Rat der Stadt Wuppertal\",\"description\":\"\",\"potentialAction\":[{\"@type\":\"SearchAction\",\"target\":{\"@type\":\"EntryPoint\",\"urlTemplate\":\"https:\/\/gruene-wuppertal.de\/fraktion\/?s={search_term_string}\"},\"query-input\":\"required name=search_term_string\"}],\"inLanguage\":\"de-DE\"}]}<\/script>\n<!-- \/ Yoast SEO plugin. -->","yoast_head_json":{"title":"Die Mitglieder der Ratsfraktion - Fraktion von B\u00fcndnis 90 \/ DIE GR\u00dcNEN im Rat der Stadt Wuppertal","robots":{"index":"index","follow":"follow","max-snippet":"max-snippet:-1","max-image-preview":"max-image-preview:large","max-video-preview":"max-video-preview:-1"},"canonical":"https:\/\/gruene-wuppertal.de\/fraktion\/die-fraktion\/die-mitglieder-der-ratsfraktion\/","og_locale":"de_DE","og_type":"article","og_title":"Die Mitglieder der Ratsfraktion - Fraktion von B\u00fcndnis 90 \/ DIE GR\u00dcNEN im Rat der Stadt Wuppertal","og_description":"[vc_row content_width=&#8220;grid&#8220; css=&#8220;.vc_custom_1593553255534{margin-bottom: 32px !important;}&#8220;][vc_column][vc_column_text el_class=&#8220;shadowbox&#8220; css=&#8220;.vc_custom_1593553248591{padding-top: 32px !important;padding-right: 32px !important;padding-bottom: 32px !important;padding-left: 32px !important;background-color: #ffffff !important;}&#8220;] Die Mitglieder der Ratsfraktion Fraktion B\u00fcndnis 90\/ DIE GR\u00dcNEN im Rat der Stadt Wuppertal [\/vc_column_text][\/vc_column][\/vc_row][vc_row content_width=&#8220;grid&#8220;][vc_column][vc_column_text][\/vc_column_text][\/vc_column][\/vc_row][vc_row content_width=&#8220;grid&#8220; css=&#8220;.vc_custom_1593553262184{margin-bottom: 32px !important;}&#8220;][vc_column][vc_column_text css=&#8220;.vc_custom_1603897612876{margin-bottom: 32px !important;}&#8220;][\/vc_column_text][\/vc_column][\/vc_row]","og_url":"https:\/\/gruene-wuppertal.de\/fraktion\/die-fraktion\/die-mitglieder-der-ratsfraktion\/","og_site_name":"Fraktion von B\u00fcndnis 90 \/ DIE GR\u00dcNEN im Rat der Stadt Wuppertal","article_modified_time":"2020-10-28T15:10:54+00:00","twitter_card":"summary_large_image","twitter_misc":{"Gesch\u00e4tzte Lesezeit":"1 Minute"},"schema":{"@context":"https:\/\/schema.org","@graph":[{"@type":"WebPage","@id":"https:\/\/gruene-wuppertal.de\/fraktion\/die-fraktion\/die-mitglieder-der-ratsfraktion\/","url":"https:\/\/gruene-wuppertal.de\/fraktion\/die-fraktion\/die-mitglieder-der-ratsfraktion\/","name":"Die Mitglieder der Ratsfraktion - Fraktion von B\u00fcndnis 90 \/ DIE GR\u00dcNEN im Rat der Stadt Wuppertal","isPartOf":{"@id":"https:\/\/gruene-wuppertal.de\/fraktion\/#website"},"datePublished":"2020-06-24T20:38:57+00:00","dateModified":"2020-10-28T15:10:54+00:00","breadcrumb":{"@id":"https:\/\/gruene-wuppertal.de\/fraktion\/die-fraktion\/die-mitglieder-der-ratsfraktion\/#breadcrumb"},"inLanguage":"de-DE","potentialAction":[{"@type":"ReadAction","target":["https:\/\/gruene-wuppertal.de\/fraktion\/die-fraktion\/die-mitglieder-der-ratsfraktion\/"]}]},{"@type":"BreadcrumbList","@id":"https:\/\/gruene-wuppertal.de\/fraktion\/die-fraktion\/die-mitglieder-der-ratsfraktion\/#breadcrumb","itemListElement":[{"@type":"ListItem","position":1,"name":"Startseite","item":"https:\/\/gruene-wuppertal.de\/fraktion\/"},{"@type":"ListItem","position":2,"name":"Fraktion","item":"https:\/\/gruene-wuppertal.de\/fraktion\/die-fraktion\/"},{"@type":"ListItem","position":3,"name":"Die Mitglieder der Ratsfraktion"}]},{"@type":"WebSite","@id":"https:\/\/gruene-wuppertal.de\/fraktion\/#website","url":"https:\/\/gruene-wuppertal.de\/fraktion\/","name":"Fraktion von B\u00fcndnis 90 \/ DIE GR\u00dcNEN im Rat der Stadt Wuppertal","description":"","potentialAction":[{"@type":"SearchAction","target":{"@type":"EntryPoint","urlTemplate":"https:\/\/gruene-wuppertal.de\/fraktion\/?s={search_term_string}"},"query-input":"required name=search_term_string"}],"inLanguage":"de-DE"}]}},"post_mailing_queue_ids":[],"_links":{"self":[{"href":"https:\/\/gruene-wuppertal.de\/fraktion\/wp-json\/wp\/v2\/pages\/102"}],"collection":[{"href":"https:\/\/gruene-wuppertal.de\/fraktion\/wp-json\/wp\/v2\/pages"}],"about":[{"href":"https:\/\/gruene-wuppertal.de\/fraktion\/wp-json\/wp\/v2\/types\/page"}],"author":[{"embeddable":true,"href":"https:\/\/gruene-wuppertal.de\/fraktion\/wp-json\/wp\/v2\/users\/1"}],"replies":[{"embeddable":true,"href":"https:\/\/gruene-wuppertal.de\/fraktion\/wp-json\/wp\/v2\/comments?post=102"}],"version-history":[{"count":11,"href":"https:\/\/gruene-wuppertal.de\/fraktion\/wp-json\/wp\/v2\/pages\/102\/revisions"}],"predecessor-version":[{"id":17530,"href":"https:\/\/gruene-wuppertal.de\/fraktion\/wp-json\/wp\/v2\/pages\/102\/revisions\/17530"}],"up":[{"embeddable":true,"href":"https:\/\/gruene-wuppertal.de\/fraktion\/wp-json\/wp\/v2\/pages\/100"}],"wp:attachment":[{"href":"https:\/\/gruene-wuppertal.de\/fraktion\/wp-json\/wp\/v2\/media?parent=102"}],"curies":[{"name":"wp","href":"https:\/\/api.w.org\/{rel}","templated":true}]}}